{"id":67,"date":"2023-01-11T13:13:14","date_gmt":"2023-01-11T11:13:14","guid":{"rendered":"https:\/\/tic.visitpasvalys.lt\/?page_id=67"},"modified":"2024-11-07T09:26:37","modified_gmt":"2024-11-07T07:26:37","slug":"naudinga-zinoti","status":"publish","type":"page","link":"https:\/\/tic.visitpasvalys.lt\/en\/naudinga-zinoti\/","title":{"rendered":"Things useful to know"},"content":{"rendered":"\n<p><strong><strong>Police, traffic police<\/strong><\/strong><\/p>\n\n\n\n<p>Vilniaus g. 3, Pasvalys, Phone: (8 451) 34\u00a0468<\/p>\n\n\n\n<hr class=\"wp-block-separator has-alpha-channel-opacity\"\/>\n\n\n\n<p><strong><strong>Emergency medical aid<\/strong><\/strong><\/p>\n\n\n\n<p>Gele\u017einkelie\u010di\u0173 g. 70, Pasvalys, Phone: (8 451) 54\u00a0151<\/p>\n\n\n\n<hr class=\"wp-block-separator has-alpha-channel-opacity\"\/>\n\n\n\n<p><strong>Banks, ATMs<\/strong><\/p>\n\n\n\n<p>Bank SWEDBANK, JSC Customer Service Center of the Branch of Panev\u0117\u017eys Region, Phone: +370 52684444, Vilniaus g. 11, Pasvalys.<br>Luminor ATMs: Vilniaus g. 9 and Vilniaus g. 48, Pasvalys.<br>Swedbank ATMs: Vilniaus g. 11 and Vilniaus g. 48, Pasvalys.<br>SEB ATM: Vytauto Did\u017eiojo a. 1, Pasvalys.<br>DNB ATM: Vilniaus g. 9, Pasvalys.<\/p>\n","protected":false},"excerpt":{"rendered":"<p>Police, traffic police Vilniaus g. 3, Pasvalys, Phone: (8 451) 34\u00a0468 Emergency medical aid Gele\u017einkelie\u010di\u0173 g. 70, Pasvalys, Phone: (8 451) 54\u00a0151 Banks, ATMs Bank SWEDBANK, JSC Customer Service Center of the Branch of Panev\u0117\u017eys Region, Phone: +370 52684444, Vilniaus g. 11, Pasvalys.Luminor ATMs: Vilniaus g. 9 and Vilniaus g. 48, Pasvalys.Swedbank ATMs: Vilniaus g. 11 and Vilniaus g. 48, Pasvalys.SEB ATM: Vytauto Did\u017eiojo a. 1, Pasvalys.DNB ATM: Vilniaus g. 9, Pasvalys.<\/p>\n","protected":false},"author":1,"featured_media":357,"parent":0,"menu_order":0,"comment_status":"closed","ping_status":"closed","template":"","meta":[],"translation":{"provider":"WPGlobus","version":"2.10.7","language":"en","enabled_languages":["lt","en"],"languages":{"lt":{"title":true,"content":true,"excerpt":false},"en":{"title":true,"content":true,"excerpt":false}}},"_links":{"self":[{"href":"https:\/\/tic.visitpasvalys.lt\/en\/wp-json\/wp\/v2\/pages\/67"}],"collection":[{"href":"https:\/\/tic.visitpasvalys.lt\/en\/wp-json\/wp\/v2\/pages"}],"about":[{"href":"https:\/\/tic.visitpasvalys.lt\/en\/wp-json\/wp\/v2\/types\/page"}],"author":[{"embeddable":true,"href":"https:\/\/tic.visitpasvalys.lt\/en\/wp-json\/wp\/v2\/users\/1"}],"replies":[{"embeddable":true,"href":"https:\/\/tic.visitpasvalys.lt\/en\/wp-json\/wp\/v2\/comments?post=67"}],"version-history":[{"count":10,"href":"https:\/\/tic.visitpasvalys.lt\/en\/wp-json\/wp\/v2\/pages\/67\/revisions"}],"predecessor-version":[{"id":1573,"href":"https:\/\/tic.visitpasvalys.lt\/en\/wp-json\/wp\/v2\/pages\/67\/revisions\/1573"}],"wp:featuredmedia":[{"embeddable":true,"href":"https:\/\/tic.visitpasvalys.lt\/en\/wp-json\/wp\/v2\/media\/357"}],"wp:attachment":[{"href":"https:\/\/tic.visitpasvalys.lt\/en\/wp-json\/wp\/v2\/media?parent=67"}],"curies":[{"name":"wp","href":"https:\/\/api.w.org\/{rel}","templated":true}]}}